{"id":78,"date":"2024-08-24T13:37:34","date_gmt":"2024-08-24T11:37:34","guid":{"rendered":"http:\/\/bergeriecorbieres.com\/?page_id=78"},"modified":"2024-10-07T19:00:47","modified_gmt":"2024-10-07T17:00:47","slug":"contact-3","status":"publish","type":"page","link":"https:\/\/bergeriecorbieres.com\/index.php\/contact-3\/","title":{"rendered":"Contact"},"content":{"rendered":"<p>[et_pb_section fb_built=&#8221;1&#8243; admin_label=&#8221;Contact Info&#8221; _builder_version=&#8221;4.25.1&#8243; _module_preset=&#8221;default&#8221; collapsed=&#8221;on&#8221; global_colors_info=&#8221;{}&#8221;][et_pb_row column_structure=&#8221;1_3,1_3,1_3&#8243; _builder_version=&#8221;4.25.1&#8243; _module_preset=&#8221;default&#8221; global_colors_info=&#8221;{}&#8221;][et_pb_column type=&#8221;1_3&#8243; _builder_version=&#8221;4.25.1&#8243; _module_preset=&#8221;default&#8221; global_colors_info=&#8221;{}&#8221;][et_pb_blurb title=&#8221;T\u00e9l\u00e9phone \/ WhatsApp\u00a0 &#8221; use_icon=&#8221;on&#8221; font_icon=&#8221;&#xe090;||divi||400&#8243; icon_alignment=&#8221;center&#8221; module_class=&#8221;ai_ignore_all&#8221; _builder_version=&#8221;4.25.1&#8243; _module_preset=&#8221;212b201d-2c34-41bd-936c-851b7357d08b&#8221; text_orientation=&#8221;center&#8221; global_colors_info=&#8221;{}&#8221;]<\/p>\n<p>+33 (0)6 &#8211; 63 -60 &#8211; 55 &#8211; 31<\/p>\n<p>[\/et_pb_blurb][\/et_pb_column][et_pb_column type=&#8221;1_3&#8243; _builder_version=&#8221;4.25.1&#8243; _module_preset=&#8221;default&#8221; global_colors_info=&#8221;{}&#8221;][et_pb_blurb title=&#8221;Email&#8221; use_icon=&#8221;on&#8221; font_icon=&#8221;&#xf0e0;||fa||900&#8243; icon_alignment=&#8221;center&#8221; module_class=&#8221;ai_ignore_all&#8221; _builder_version=&#8221;4.25.1&#8243; _module_preset=&#8221;212b201d-2c34-41bd-936c-851b7357d08b&#8221; text_orientation=&#8221;center&#8221; locked=&#8221;off&#8221; global_colors_info=&#8221;{}&#8221;]<\/p>\n<p><a href=\"mailto:contact@bergerie-corbieres.com\">contact @ bergerie-corbieres.com<\/a><\/p>\n<p>[\/et_pb_blurb][\/et_pb_column][et_pb_column type=&#8221;1_3&#8243; _builder_version=&#8221;4.25.1&#8243; _module_preset=&#8221;default&#8221; global_colors_info=&#8221;{}&#8221;][et_pb_blurb title=&#8221;Localisation&#8221; use_icon=&#8221;on&#8221; font_icon=&#8221;&#xf3c5;||fa||900&#8243; icon_alignment=&#8221;center&#8221; module_class=&#8221;ai_ignore_all&#8221; _builder_version=&#8221;4.27.0&#8243; _module_preset=&#8221;212b201d-2c34-41bd-936c-851b7357d08b&#8221; text_orientation=&#8221;center&#8221; hover_enabled=&#8221;0&#8243; locked=&#8221;off&#8221; global_colors_info=&#8221;{}&#8221; sticky_enabled=&#8221;0&#8243;]<\/p>\n<p>Bergerie \u00e0 l&#8217;ext\u00e9reur de Caves (11510)<\/p>\n<p>[\/et_pb_blurb][\/et_pb_column][\/et_pb_row][\/et_pb_section][et_pb_section fb_built=&#8221;1&#8243; admin_label=&#8221;Appointment Booking&#8221; _builder_version=&#8221;4.24.3&#8243; _module_preset=&#8221;default&#8221; background_color=&#8221;gcid-primary-color&#8221; locked=&#8221;off&#8221; collapsed=&#8221;on&#8221; global_colors_info=&#8221;{%22gcid-primary-color%22:%91%22background_color%22%93}&#8221;][et_pb_row _builder_version=&#8221;4.24.3&#8243; _module_preset=&#8221;c9cfaba2-2263-4f35-8227-8d16ca8bd1cc&#8221; border_radii_tablet=&#8221;on|30px|30px|30px|30px&#8221; border_radii_phone=&#8221;on|20px|20px|20px|20px&#8221; border_radii_last_edited=&#8221;off|desktop&#8221; global_colors_info=&#8221;{}&#8221;][et_pb_column type=&#8221;4_4&#8243; _builder_version=&#8221;4.16&#8243; _module_preset=&#8221;73121f80-a3ef-4484-8763-c3f18e3c56d2&#8243; global_colors_info=&#8221;{}&#8221;][et_pb_heading title=&#8221;R\u00e9servez Votre S\u00e9jour&#8221; _builder_version=&#8221;4.24.3&#8243; _module_preset=&#8221;c33f07d9-41e0-421a-8799-5799df695cce&#8221; title_text_align=&#8221;center&#8221; locked=&#8221;off&#8221; global_colors_info=&#8221;{}&#8221;][\/et_pb_heading][et_pb_text _builder_version=&#8221;4.27.0&#8243; _module_preset=&#8221;2c55a9c4-feed-423b-9edb-ae0b5b365cac&#8221; text_orientation=&#8221;center&#8221; module_alignment=&#8221;center&#8221; hover_enabled=&#8221;0&#8243; locked=&#8221;off&#8221; global_colors_info=&#8221;{}&#8221; sticky_enabled=&#8221;0&#8243;]<\/p>\n<p>Utilisez notre formulaire de r\u00e9servation pour v\u00e9rifier la disponibilit\u00e9 et r\u00e9server votre s\u00e9jour dans notre bergerie.<\/p>\n<p>[\/et_pb_text][et_pb_contact_form captcha=&#8221;off&#8221; _builder_version=&#8221;4.24.3&#8243; _module_preset=&#8221;347de7c5-8eec-4fb2-89ad-e07c220a4ead&#8221; _unique_id=&#8221;ceddc97d-3019-4508-a1f2-667b6f23809b&#8221; locked=&#8221;off&#8221; global_colors_info=&#8221;{}&#8221;][et_pb_contact_field field_id=&#8221;Name&#8221; field_title=&#8221;Name&#8221; _builder_version=&#8221;4.16&#8243; _module_preset=&#8221;default&#8221; global_colors_info=&#8221;{}&#8221; button_text_size__hover_enabled=&#8221;off&#8221; button_one_text_size__hover_enabled=&#8221;off&#8221; button_two_text_size__hover_enabled=&#8221;off&#8221; button_text_color__hover_enabled=&#8221;off&#8221; button_one_text_color__hover_enabled=&#8221;off&#8221; button_two_text_color__hover_enabled=&#8221;off&#8221; button_border_width__hover_enabled=&#8221;off&#8221; button_one_border_width__hover_enabled=&#8221;off&#8221; button_two_border_width__hover_enabled=&#8221;off&#8221; button_border_color__hover_enabled=&#8221;off&#8221; button_one_border_color__hover_enabled=&#8221;off&#8221; button_two_border_color__hover_enabled=&#8221;off&#8221; button_border_radius__hover_enabled=&#8221;off&#8221; button_one_border_radius__hover_enabled=&#8221;off&#8221; button_two_border_radius__hover_enabled=&#8221;off&#8221; button_letter_spacing__hover_enabled=&#8221;off&#8221; button_one_letter_spacing__hover_enabled=&#8221;off&#8221; button_two_letter_spacing__hover_enabled=&#8221;off&#8221; button_bg_color__hover_enabled=&#8221;off&#8221; button_one_bg_color__hover_enabled=&#8221;off&#8221; button_two_bg_color__hover_enabled=&#8221;off&#8221;][\/et_pb_contact_field][et_pb_contact_field field_id=&#8221;Email&#8221; field_title=&#8221;Email Address&#8221; field_type=&#8221;email&#8221; _builder_version=&#8221;4.16&#8243; _module_preset=&#8221;default&#8221; global_colors_info=&#8221;{}&#8221; button_text_size__hover_enabled=&#8221;off&#8221; button_one_text_size__hover_enabled=&#8221;off&#8221; button_two_text_size__hover_enabled=&#8221;off&#8221; button_text_color__hover_enabled=&#8221;off&#8221; button_one_text_color__hover_enabled=&#8221;off&#8221; button_two_text_color__hover_enabled=&#8221;off&#8221; button_border_width__hover_enabled=&#8221;off&#8221; button_one_border_width__hover_enabled=&#8221;off&#8221; button_two_border_width__hover_enabled=&#8221;off&#8221; button_border_color__hover_enabled=&#8221;off&#8221; button_one_border_color__hover_enabled=&#8221;off&#8221; button_two_border_color__hover_enabled=&#8221;off&#8221; button_border_radius__hover_enabled=&#8221;off&#8221; button_one_border_radius__hover_enabled=&#8221;off&#8221; button_two_border_radius__hover_enabled=&#8221;off&#8221; button_letter_spacing__hover_enabled=&#8221;off&#8221; button_one_letter_spacing__hover_enabled=&#8221;off&#8221; button_two_letter_spacing__hover_enabled=&#8221;off&#8221; button_bg_color__hover_enabled=&#8221;off&#8221; button_one_bg_color__hover_enabled=&#8221;off&#8221; button_two_bg_color__hover_enabled=&#8221;off&#8221;][\/et_pb_contact_field][et_pb_contact_field field_id=&#8221;Message&#8221; field_title=&#8221;Message&#8221; field_type=&#8221;text&#8221; fullwidth_field=&#8221;on&#8221; _builder_version=&#8221;4.16&#8243; _module_preset=&#8221;default&#8221; global_colors_info=&#8221;{}&#8221; button_text_size__hover_enabled=&#8221;off&#8221; button_one_text_size__hover_enabled=&#8221;off&#8221; button_two_text_size__hover_enabled=&#8221;off&#8221; button_text_color__hover_enabled=&#8221;off&#8221; button_one_text_color__hover_enabled=&#8221;off&#8221; button_two_text_color__hover_enabled=&#8221;off&#8221; button_border_width__hover_enabled=&#8221;off&#8221; button_one_border_width__hover_enabled=&#8221;off&#8221; button_two_border_width__hover_enabled=&#8221;off&#8221; button_border_color__hover_enabled=&#8221;off&#8221; button_one_border_color__hover_enabled=&#8221;off&#8221; button_two_border_color__hover_enabled=&#8221;off&#8221; button_border_radius__hover_enabled=&#8221;off&#8221; button_one_border_radius__hover_enabled=&#8221;off&#8221; button_two_border_radius__hover_enabled=&#8221;off&#8221; button_letter_spacing__hover_enabled=&#8221;off&#8221; button_one_letter_spacing__hover_enabled=&#8221;off&#8221; button_two_letter_spacing__hover_enabled=&#8221;off&#8221; button_bg_color__hover_enabled=&#8221;off&#8221; button_one_bg_color__hover_enabled=&#8221;off&#8221; button_two_bg_color__hover_enabled=&#8221;off&#8221;][\/et_pb_contact_field][\/et_pb_contact_form][\/et_pb_column][\/et_pb_row][\/et_pb_section][et_pb_section fb_built=&#8221;1&#8243; admin_label=&#8221;Frequently Asked Questions&#8221; _builder_version=&#8221;4.24.3&#8243; _module_preset=&#8221;default&#8221; use_background_color_gradient=&#8221;on&#8221; background_color_gradient_stops=&#8221;gcid-primary-color 40%|#ffffff 40%&#8221; locked=&#8221;off&#8221; collapsed=&#8221;on&#8221; global_colors_info=&#8221;{%22gcid-36fd78a7-34bc-404d-873c-dafa34efaae5%22:%91%22colorStart%22%93,%22gcid-secondary-color%22:%91%22background_color_gradient_stops%22%93,%22gcid-primary-color%22:%91%22background_color_gradient_stops%22%93}&#8221;][et_pb_row _builder_version=&#8221;4.17.6&#8243; _module_preset=&#8221;5138c454-be54-4233-bd3b-f8e6a8747976&#8243; locked=&#8221;off&#8221; global_colors_info=&#8221;{}&#8221;][et_pb_column type=&#8221;4_4&#8243; _builder_version=&#8221;4.16&#8243; _module_preset=&#8221;73121f80-a3ef-4484-8763-c3f18e3c56d2&#8243; global_colors_info=&#8221;{}&#8221;][et_pb_heading title=&#8221;Questions Fr\u00e9quemment Pos\u00e9es&#8221; _builder_version=&#8221;4.24.2&#8243; _module_preset=&#8221;c33f07d9-41e0-421a-8799-5799df695cce&#8221; title_text_align=&#8221;center&#8221; title_text_color=&#8221;#FFFFFF&#8221; global_colors_info=&#8221;{}&#8221;][\/et_pb_heading][et_pb_text _builder_version=&#8221;4.24.3&#8243; _module_preset=&#8221;0504de1e-f5ff-4281-ba60-cbbe4edf98bc&#8221; text_orientation=&#8221;center&#8221; locked=&#8221;off&#8221; global_colors_info=&#8221;{%22gcid-primary-color%22:%91%22link_text_color%22%93,%22gcid-heading-color%22:%91%22header_text_color%22,%22header_4_text_color%22,%22header_3_text_color%22,%22header_2_text_color%22,%22header_5_text_color%22,%22header_6_text_color%22,%22quote_text_color%22%93,%22gcid-secondary-color%22:%91%22quote_border_color%22%93}&#8221;]<\/p>\n<p>Voici quelques questions courantes que nos invit\u00e9s posent souvent concernant les r\u00e9servations et les s\u00e9jours \u00e0 la Grande Bergerie pr\u00e8s de la mer dans les Corbi\u00e8res.<\/p>\n<p>[\/et_pb_text][\/et_pb_column][\/et_pb_row][et_pb_row custom_padding_last_edited=&#8221;on|phone&#8221; _builder_version=&#8221;4.24.3&#8243; _module_preset=&#8221;c9cfaba2-2263-4f35-8227-8d16ca8bd1cc&#8221; max_width=&#8221;700px&#8221; module_alignment=&#8221;center&#8221; custom_margin=&#8221;30px||30px||true|false&#8221; custom_padding_tablet=&#8221;&#8221; custom_padding_phone=&#8221;&#8221; global_colors_info=&#8221;{}&#8221;][et_pb_column type=&#8221;4_4&#8243; _builder_version=&#8221;4.16&#8243; _module_preset=&#8221;73121f80-a3ef-4484-8763-c3f18e3c56d2&#8243; global_colors_info=&#8221;{}&#8221;][et_pb_accordion _builder_version=&#8221;4.27.0&#8243; _module_preset=&#8221;73efbc9d-37bf-4f75-b3d8-498640ef079f&#8221; hover_enabled=&#8221;0&#8243; locked=&#8221;off&#8221; global_colors_info=&#8221;{%22gcid-36fd78a7-34bc-404d-873c-dafa34efaae5%22:%91%22quote_icon_color%22,%22icon_color%22,%22open_toggle_text_color%22%93,%22gcid-f2943306-fa6c-45f0-b632-5fc00151366a%22:%91%22icon_color%22,%22open_toggle_text_color%22%93,%22gcid-3e0ae39b-d026-4173-b444-0c785917aeff%22:%91%22body_text_color%22%93,%22gcid-828accbb-1ed2-407d-95be-20ab4e191566%22:%91%22border_color_all%22%93}&#8221; sticky_enabled=&#8221;0&#8243;][et_pb_accordion_item title=&#8221;Quelle est la dur\u00e9e minimale de location ?&#8221; open=&#8221;on&#8221; _builder_version=&#8221;4.27.0&#8243; _module_preset=&#8221;550abe5c-b505-4d6b-adc7-570bd7cc1217&#8243; hover_enabled=&#8221;0&#8243; global_colors_info=&#8221;{}&#8221; sticky_enabled=&#8221;0&#8243;]<\/p>\n<p>La dur\u00e9e minimale de location est d&#8217;une semaine. Nous voulons que nos invit\u00e9s profitent pleinement de leur s\u00e9jour.<\/p>\n<p>[\/et_pb_accordion_item][et_pb_accordion_item title=&#8221;La maison est-elle \u00e9quip\u00e9e de WIFI ?&#8221; _builder_version=&#8221;4.27.0&#8243; _module_preset=&#8221;550abe5c-b505-4d6b-adc7-570bd7cc1217&#8243; hover_enabled=&#8221;0&#8243; global_colors_info=&#8221;{}&#8221; open=&#8221;off&#8221; sticky_enabled=&#8221;0&#8243;]<\/p>\n<p>Oui, la Grande Bergerie dispose d&#8217;une connexion WIFI gratuite pour que vous puissiez rester connect\u00e9 pendant votre s\u00e9jour.<\/p>\n<p>[\/et_pb_accordion_item][et_pb_accordion_item title=&#8221;Combien de personnes peuvent s\u00e9journer dans la maison ?&#8221; _builder_version=&#8221;4.27.0&#8243; _module_preset=&#8221;550abe5c-b505-4d6b-adc7-570bd7cc1217&#8243; hover_enabled=&#8221;0&#8243; global_colors_info=&#8221;{}&#8221; open=&#8221;off&#8221; sticky_enabled=&#8221;0&#8243;]<\/p>\n<p>La maison peut accueillir jusqu&#8217;\u00e0 9 personnes dans 4 chambres confortables.<\/p>\n<p>[\/et_pb_accordion_item][et_pb_accordion_item title=&#8221;Les animaux de compagnie sont-ils autoris\u00e9s ?&#8221; _builder_version=&#8221;4.27.0&#8243; _module_preset=&#8221;550abe5c-b505-4d6b-adc7-570bd7cc1217&#8243; hover_enabled=&#8221;0&#8243; global_colors_info=&#8221;{}&#8221; open=&#8221;off&#8221; sticky_enabled=&#8221;0&#8243;]<\/p>\n<p>Oui dans certaines conditions. Nous contacter avant.<\/p>\n<p>[\/et_pb_accordion_item][et_pb_accordion_item title=&#8221;La maison est-elle climatis\u00e9e ?&#8221; _builder_version=&#8221;4.27.0&#8243; _module_preset=&#8221;550abe5c-b505-4d6b-adc7-570bd7cc1217&#8243; hover_enabled=&#8221;0&#8243; global_colors_info=&#8221;{}&#8221; open=&#8221;off&#8221; sticky_enabled=&#8221;0&#8243;]<\/p>\n<p>Oui les deux chambres \u00e0 l&#8217;\u00e9tage ont \u00e9t\u00e9 \u00e9quip\u00e9es de climatisations r\u00e9versibles pour votre confort.<\/p>\n<p>[\/et_pb_accordion_item][et_pb_accordion_item title=&#8221;Y a-t-il des commerces \u00e0 proximit\u00e9 ?&#8221; _builder_version=&#8221;4.27.0&#8243; _module_preset=&#8221;550abe5c-b505-4d6b-adc7-570bd7cc1217&#8243; hover_enabled=&#8221;0&#8243; global_colors_info=&#8221;{}&#8221; open=&#8221;off&#8221; sticky_enabled=&#8221;0&#8243;]<\/p>\n<p>La maison est situ\u00e9e pr\u00e8s du village de Caves ou il y une boulangerie et une-mini superette. Pour les courses, le mieux est \u00e0 Leucate \u00e0 5km.<\/p>\n<p>[\/et_pb_accordion_item][\/et_pb_accordion][\/et_pb_column][\/et_pb_row][\/et_pb_section]<\/p>\n","protected":false},"excerpt":{"rendered":"<p>+33 (0)6 &#8211; 63 -60 &#8211; 55 &#8211; 31contact @ bergerie-corbieres.comBergerie \u00e0 l&#8217;ext\u00e9reur de Caves (11510)Utilisez notre formulaire de r\u00e9servation pour v\u00e9rifier la disponibilit\u00e9 et r\u00e9server votre s\u00e9jour dans notre bergerie.Voici quelques questions courantes que nos invit\u00e9s posent souvent concernant les r\u00e9servations et les s\u00e9jours \u00e0 la Grande Bergerie pr\u00e8s de la mer dans les [&hellip;]<\/p>\n","protected":false},"author":1,"featured_media":0,"parent":0,"menu_order":0,"comment_status":"closed","ping_status":"closed","template":"","meta":{"_et_pb_use_builder":"on","_et_pb_old_content":"","_et_gb_content_width":"","footnotes":""},"class_list":["post-78","page","type-page","status-publish","hentry"],"_links":{"self":[{"href":"https:\/\/bergeriecorbieres.com\/index.php\/wp-json\/wp\/v2\/pages\/78","targetHints":{"allow":["GET"]}}],"collection":[{"href":"https:\/\/bergeriecorbieres.com\/index.php\/wp-json\/wp\/v2\/pages"}],"about":[{"href":"https:\/\/bergeriecorbieres.com\/index.php\/wp-json\/wp\/v2\/types\/page"}],"author":[{"embeddable":true,"href":"https:\/\/bergeriecorbieres.com\/index.php\/wp-json\/wp\/v2\/users\/1"}],"replies":[{"embeddable":true,"href":"https:\/\/bergeriecorbieres.com\/index.php\/wp-json\/wp\/v2\/comments?post=78"}],"version-history":[{"count":2,"href":"https:\/\/bergeriecorbieres.com\/index.php\/wp-json\/wp\/v2\/pages\/78\/revisions"}],"predecessor-version":[{"id":142,"href":"https:\/\/bergeriecorbieres.com\/index.php\/wp-json\/wp\/v2\/pages\/78\/revisions\/142"}],"wp:attachment":[{"href":"https:\/\/bergeriecorbieres.com\/index.php\/wp-json\/wp\/v2\/media?parent=78"}],"curies":[{"name":"wp","href":"https:\/\/api.w.org\/{rel}","templated":true}]}}