{"id":76,"date":"2024-08-24T13:37:34","date_gmt":"2024-08-24T11:37:34","guid":{"rendered":"http:\/\/bergeriecorbieres.com\/?page_id=76"},"modified":"2024-10-07T18:50:47","modified_gmt":"2024-10-07T16:50:47","slug":"tarifs-3","status":"publish","type":"page","link":"https:\/\/bergeriecorbieres.com\/index.php\/tarifs-3\/","title":{"rendered":"Tarifs"},"content":{"rendered":"<p>[et_pb_section fb_built=&#8221;1&#8243; admin_label=&#8221;Menu Pricing&#8221; _builder_version=&#8221;4.18.0&#8243; _module_preset=&#8221;default&#8221; collapsed=&#8221;off&#8221; global_colors_info=&#8221;{}&#8221;][et_pb_row _builder_version=&#8221;4.18.0&#8243; _module_preset=&#8221;5138c454-be54-4233-bd3b-f8e6a8747976&#8243; global_colors_info=&#8221;{}&#8221;][et_pb_column type=&#8221;4_4&#8243; _builder_version=&#8221;4.18.0&#8243; _module_preset=&#8221;73121f80-a3ef-4484-8763-c3f18e3c56d2&#8243; global_colors_info=&#8221;{}&#8221;][et_pb_heading title=&#8221;Nos Tarifs&#8221; _builder_version=&#8221;4.24.2&#8243; _module_preset=&#8221;c33f07d9-41e0-421a-8799-5799df695cce&#8221; locked=&#8221;off&#8221; global_colors_info=&#8221;{}&#8221;][\/et_pb_heading][\/et_pb_column][\/et_pb_row][et_pb_row column_structure=&#8221;1_2,1_2&#8243; _builder_version=&#8221;4.24.3&#8243; _module_preset=&#8221;5138c454-be54-4233-bd3b-f8e6a8747976&#8243; locked=&#8221;off&#8221; global_colors_info=&#8221;{}&#8221;][et_pb_column type=&#8221;1_2&#8243; _builder_version=&#8221;4.24.2&#8243; _module_preset=&#8221;default&#8221; global_colors_info=&#8221;{}&#8221;][et_pb_image src=&#8221;http:\/\/bergeriecorbieres.com\/wp-content\/uploads\/2024\/08\/bergerie-01.webp&#8221; title_text=&#8221;bergerie 01&#8243; _builder_version=&#8221;4.27.0&#8243; _module_preset=&#8221;default&#8221; hover_enabled=&#8221;0&#8243; locked=&#8221;off&#8221; global_colors_info=&#8221;{}&#8221; sticky_enabled=&#8221;0&#8243;][\/et_pb_image][\/et_pb_column][et_pb_column type=&#8221;1_2&#8243; _builder_version=&#8221;4.24.3&#8243; _module_preset=&#8221;c2f625f9-9ceb-49cd-b55b-91a31f8373ff&#8221; border_radii=&#8221;on|6px|6px|6px|6px&#8221; border_color_all=&#8221;#000000&#8243; global_colors_info=&#8221;{}&#8221;][et_pb_text _builder_version=&#8221;4.27.0&#8243; _module_preset=&#8221;default&#8221; hover_enabled=&#8221;0&#8243; sticky_enabled=&#8221;0&#8243; custom_padding=&#8221;||0px|||&#8221;]<\/p>\n<h4>Basse Saison<\/h4>\n<p>800 euros par semain<\/p>\n<h4>Vacances scolaires<\/h4>\n<p>1000 euros par semaine<\/p>\n<h4>\u00c9t\u00e9 \/ No\u00ebl \/ Nouvel an<\/h4>\n<p>1300 euros par semaine<\/p>\n<p><strong><span style=\"font-size: large;\">S\u00e9jour Minimum et Frais suppl\u00e9mentaires<br \/><\/span><\/strong>La dur\u00e9e minimale de s\u00e9jour est d&#8217;une semaine et il y a des frais de m\u00e9nage de 150 euros.<\/p>\n<h5 class=\"et_pb_module_heading et-fb-editable-element et-fb-editable-element__editing\" data-shortcode-id=\"2.1.1.12-1728319528964\" data-quickaccess-id=\"title\" contenteditable=\"true\"><\/h5>\n<p>[\/et_pb_text][\/et_pb_column][\/et_pb_row][\/et_pb_section]<\/p>\n","protected":false},"excerpt":{"rendered":"<p>Basse Saison 800 euros par semain Vacances scolaires 1000 euros par semaine \u00c9t\u00e9 \/ No\u00ebl \/ Nouvel an 1300 euros par semaine S\u00e9jour Minimum et Frais suppl\u00e9mentairesLa dur\u00e9e minimale de s\u00e9jour est d&#8217;une semaine et il y a des frais de m\u00e9nage de 150 euros.<\/p>\n","protected":false},"author":1,"featured_media":0,"parent":0,"menu_order":0,"comment_status":"closed","ping_status":"closed","template":"","meta":{"_et_pb_use_builder":"on","_et_pb_old_content":"","_et_gb_content_width":"","footnotes":""},"class_list":["post-76","page","type-page","status-publish","hentry"],"_links":{"self":[{"href":"https:\/\/bergeriecorbieres.com\/index.php\/wp-json\/wp\/v2\/pages\/76","targetHints":{"allow":["GET"]}}],"collection":[{"href":"https:\/\/bergeriecorbieres.com\/index.php\/wp-json\/wp\/v2\/pages"}],"about":[{"href":"https:\/\/bergeriecorbieres.com\/index.php\/wp-json\/wp\/v2\/types\/page"}],"author":[{"embeddable":true,"href":"https:\/\/bergeriecorbieres.com\/index.php\/wp-json\/wp\/v2\/users\/1"}],"replies":[{"embeddable":true,"href":"https:\/\/bergeriecorbieres.com\/index.php\/wp-json\/wp\/v2\/comments?post=76"}],"version-history":[{"count":3,"href":"https:\/\/bergeriecorbieres.com\/index.php\/wp-json\/wp\/v2\/pages\/76\/revisions"}],"predecessor-version":[{"id":187,"href":"https:\/\/bergeriecorbieres.com\/index.php\/wp-json\/wp\/v2\/pages\/76\/revisions\/187"}],"wp:attachment":[{"href":"https:\/\/bergeriecorbieres.com\/index.php\/wp-json\/wp\/v2\/media?parent=76"}],"curies":[{"name":"wp","href":"https:\/\/api.w.org\/{rel}","templated":true}]}}